{"id":127,"date":"2024-03-25T19:47:42","date_gmt":"2024-03-25T18:47:42","guid":{"rendered":"https:\/\/ucb-landau.de\/?page_id=127"},"modified":"2026-02-22T11:44:27","modified_gmt":"2026-02-22T10:44:27","slug":"127-2","status":"publish","type":"page","link":"https:\/\/ucb-landau.de\/?page_id=127","title":{"rendered":"News"},"content":{"rendered":"\n<p class=\"has-large-font-size\"><strong>Benefizkonzert in Wissembourg am 8. M\u00e4rz<\/strong><\/p>\n\n\n\n<figure class=\"wp-block-image size-large\"><img data-recalc-dims=\"1\" loading=\"lazy\" decoding=\"async\" width=\"724\" height=\"1024\" src=\"https:\/\/i0.wp.com\/ucb-landau.de\/wp-content\/uploads\/2026\/02\/2026_UCB-Weissenburg.jpg?resize=724%2C1024&#038;ssl=1\" alt=\"\" class=\"wp-image-448\" srcset=\"https:\/\/i0.wp.com\/ucb-landau.de\/wp-content\/uploads\/2026\/02\/2026_UCB-Weissenburg.jpg?resize=724%2C1024&amp;ssl=1 724w, https:\/\/i0.wp.com\/ucb-landau.de\/wp-content\/uploads\/2026\/02\/2026_UCB-Weissenburg.jpg?resize=212%2C300&amp;ssl=1 212w, https:\/\/i0.wp.com\/ucb-landau.de\/wp-content\/uploads\/2026\/02\/2026_UCB-Weissenburg.jpg?resize=768%2C1086&amp;ssl=1 768w, https:\/\/i0.wp.com\/ucb-landau.de\/wp-content\/uploads\/2026\/02\/2026_UCB-Weissenburg.jpg?resize=1086%2C1536&amp;ssl=1 1086w, https:\/\/i0.wp.com\/ucb-landau.de\/wp-content\/uploads\/2026\/02\/2026_UCB-Weissenburg.jpg?w=1131&amp;ssl=1 1131w\" sizes=\"auto, (max-width: 724px) 100vw, 724px\" \/><\/figure>\n\n\n\n<p class=\"has-large-font-size\">Adventskonzert am 7.12. um 17:00 Uhr<br><\/p>\n\n\n\n<figure class=\"wp-block-image size-large\"><img data-recalc-dims=\"1\" loading=\"lazy\" decoding=\"async\" width=\"683\" height=\"1024\" src=\"https:\/\/i0.wp.com\/ucb-landau.de\/wp-content\/uploads\/2025\/12\/Adventskonzert_Plakat2025-1.jpg?resize=683%2C1024&#038;ssl=1\" alt=\"\" class=\"wp-image-440\" srcset=\"https:\/\/i0.wp.com\/ucb-landau.de\/wp-content\/uploads\/2025\/12\/Adventskonzert_Plakat2025-1-scaled.jpg?resize=683%2C1024&amp;ssl=1 683w, https:\/\/i0.wp.com\/ucb-landau.de\/wp-content\/uploads\/2025\/12\/Adventskonzert_Plakat2025-1-scaled.jpg?resize=200%2C300&amp;ssl=1 200w, https:\/\/i0.wp.com\/ucb-landau.de\/wp-content\/uploads\/2025\/12\/Adventskonzert_Plakat2025-1-scaled.jpg?resize=768%2C1151&amp;ssl=1 768w, https:\/\/i0.wp.com\/ucb-landau.de\/wp-content\/uploads\/2025\/12\/Adventskonzert_Plakat2025-1-scaled.jpg?resize=1025%2C1536&amp;ssl=1 1025w, https:\/\/i0.wp.com\/ucb-landau.de\/wp-content\/uploads\/2025\/12\/Adventskonzert_Plakat2025-1-scaled.jpg?resize=1367%2C2048&amp;ssl=1 1367w, https:\/\/i0.wp.com\/ucb-landau.de\/wp-content\/uploads\/2025\/12\/Adventskonzert_Plakat2025-1-scaled.jpg?w=1708&amp;ssl=1 1708w\" sizes=\"auto, (max-width: 683px) 100vw, 683px\" \/><\/figure>\n\n\n\n<p>Am Sonntag, den 07. Dezember, um 17 Uhr l\u00e4dt die Stadtkapelle zu ihrem traditionellen Adventskonzert<br>in die katholische Kirche Mari\u00e4-Himmelfahrt in Landau-Queichheim ein.<br>Das sinfonische Blasorchester und das Jugendorchester, die United Concert Band wollen den Zuh\u00f6rerinnen und Zuh\u00f6rern eine Atempause im Advent bieten.<br>Der Eintritt f\u00fcr das Konzert ist wie immer frei.<\/p>\n\n\n\n<p class=\"has-large-font-size\"><strong>Deutsch-Franz\u00f6sisches Benefizkonzert in Schaidt<\/strong><\/p>\n\n\n\n<figure class=\"wp-block-image size-large\"><img data-recalc-dims=\"1\" loading=\"lazy\" decoding=\"async\" width=\"724\" height=\"1024\" src=\"https:\/\/i0.wp.com\/ucb-landau.de\/wp-content\/uploads\/2025\/09\/Deutsch-Franzoesisches-Benefizkonzert-in-Schaidt-1-1.jpg?resize=724%2C1024&#038;ssl=1\" alt=\"\" class=\"wp-image-420\" srcset=\"https:\/\/i0.wp.com\/ucb-landau.de\/wp-content\/uploads\/2025\/09\/Deutsch-Franzoesisches-Benefizkonzert-in-Schaidt-1-1.jpg?resize=724%2C1024&amp;ssl=1 724w, https:\/\/i0.wp.com\/ucb-landau.de\/wp-content\/uploads\/2025\/09\/Deutsch-Franzoesisches-Benefizkonzert-in-Schaidt-1-1.jpg?resize=212%2C300&amp;ssl=1 212w, https:\/\/i0.wp.com\/ucb-landau.de\/wp-content\/uploads\/2025\/09\/Deutsch-Franzoesisches-Benefizkonzert-in-Schaidt-1-1.jpg?resize=768%2C1086&amp;ssl=1 768w, https:\/\/i0.wp.com\/ucb-landau.de\/wp-content\/uploads\/2025\/09\/Deutsch-Franzoesisches-Benefizkonzert-in-Schaidt-1-1.jpg?resize=1086%2C1536&amp;ssl=1 1086w, https:\/\/i0.wp.com\/ucb-landau.de\/wp-content\/uploads\/2025\/09\/Deutsch-Franzoesisches-Benefizkonzert-in-Schaidt-1-1.jpg?w=1131&amp;ssl=1 1131w\" sizes=\"auto, (max-width: 724px) 100vw, 724px\" \/><\/figure>\n\n\n\n<p class=\"has-large-font-size\"><strong>Die gro\u00dfen Ensembles der Stadtkapelle live auf dem Fete de la Musique 2024<\/strong><\/p>\n\n\n\n<figure class=\"wp-block-gallery has-nested-images columns-default is-cropped wp-block-gallery-1 is-layout-flex wp-block-gallery-is-layout-flex\">\n<figure class=\"wp-block-image size-large\"><img data-recalc-dims=\"1\" loading=\"lazy\" decoding=\"async\" width=\"1024\" height=\"576\" data-id=\"152\" src=\"https:\/\/i0.wp.com\/ucb-landau.de\/wp-content\/uploads\/2024\/06\/2024-Fete.jpg?resize=1024%2C576&#038;ssl=1\" alt=\"\" class=\"wp-image-152\" srcset=\"https:\/\/i0.wp.com\/ucb-landau.de\/wp-content\/uploads\/2024\/06\/2024-Fete-scaled.jpg?resize=1024%2C576&amp;ssl=1 1024w, https:\/\/i0.wp.com\/ucb-landau.de\/wp-content\/uploads\/2024\/06\/2024-Fete-scaled.jpg?resize=300%2C169&amp;ssl=1 300w, https:\/\/i0.wp.com\/ucb-landau.de\/wp-content\/uploads\/2024\/06\/2024-Fete-scaled.jpg?resize=768%2C432&amp;ssl=1 768w, https:\/\/i0.wp.com\/ucb-landau.de\/wp-content\/uploads\/2024\/06\/2024-Fete-scaled.jpg?resize=1536%2C864&amp;ssl=1 1536w, https:\/\/i0.wp.com\/ucb-landau.de\/wp-content\/uploads\/2024\/06\/2024-Fete-scaled.jpg?resize=2048%2C1152&amp;ssl=1 2048w, https:\/\/i0.wp.com\/ucb-landau.de\/wp-content\/uploads\/2024\/06\/2024-Fete-scaled.jpg?resize=1568%2C882&amp;ssl=1 1568w, https:\/\/i0.wp.com\/ucb-landau.de\/wp-content\/uploads\/2024\/06\/2024-Fete-scaled.jpg?w=2400&amp;ssl=1 2400w\" sizes=\"auto, (max-width: 1024px) 100vw, 1024px\" \/><\/figure>\n<\/figure>\n\n\n\n<p>Beim &#8222;F\u00eate de la Musique&#8220; wird jedes Jahr die ganze Innenstadt Landaus zu einer gro\u00dfen B\u00fchne.<br>An den unterschiedlichsten Locations performen K\u00fcnstler und Ensembles der unterschiedlichsten Genres.<br>Auch in diesem Jahr wird die Stadtkapelle Landau e.V. mit ihren gro\u00dfen Ensembles dabei sein.<\/p>\n\n\n\n<p>Auftrittsort ist der Rathausplatz in Landau.<\/p>\n\n\n\n<p>Vorgesehenes Programm:<br><strong>18.00 Uhr: United Concert Band<\/strong><br>19.00 Uhr: Gru\u00dfwort OB Gei\u00dfler<br>19.15 Uhr: Sinfonisches Blasorchester der Stadtkapelle Landau<br>20.45 Uhr: Brass Connection, Bigband der Stadtkapelle Landau<\/p>\n\n\n\n<p>Der Eintritt ist frei.<br>Um Spenden wird gebeten.<\/p>\n\n\n\n<p><\/p>\n\n\n\n<p class=\"has-large-font-size\"><strong>RiRaRo Landau am 10.3.2024<\/strong><\/p>\n\n\n\n<p>Das neugegr\u00fcndete Jugendorchester von Stadtkapelle, Integrierter Gesamtschule Landau und Kreismusikschule S\u00dcW beweist sich nachhaltig in der jungen Landauer Kulturszene.<br>Nach einem Ausrufezeichen beim Gemeinschaftskonzert mit dem sinfonischen Blasorchester zum 2. Advent 2023 haben sich die jungen Musikerinnen und Musiker, unterst\u00fctzt von einigen jung gebliebenen &#8222;Altmusikern ;)&#8220; auch auf dem holprigen Pflaster der Landauer Innenstadt wacker und souver\u00e4n anl\u00e4sslich des RiRaRo-Umzugs geschlagen.<br>Vorbildlich geleitet w\u00e4hrend des Umzugs von Tambourmajor Thomas &#8222;TW&#8220; Winter (mit selbst gebasteltem Sommertagsstecken!) und beim Winterverbrennen von Bernd Gaudera unterst\u00fctzt, d\u00fcrfen die jungen Wilden dem n\u00e4chsten musikalischen Gro\u00dfereignis entgegensehen: dem open- Air Konzert auf dem Landauer Rathausplatz, am 21.Juni, im Rahmen des -Fete de la musique! Voila!<\/p>\n\n\n\n<figure class=\"wp-block-embed is-type-rich is-provider-handler-einbetten wp-block-embed-handler-einbetten wp-embed-aspect-16-9 wp-has-aspect-ratio\"><div class=\"wp-block-embed__wrapper\">\n<p class=\"responsive-video-wrap clr\"><iframe loading=\"lazy\" title=\"United Concert Band\" width=\"1200\" height=\"675\" src=\"https:\/\/www.youtube.com\/embed\/4qHnjaMadEo?feature=oembed\" frameborder=\"0\" allow=\"accelerometer; autoplay; clipboard-write; encrypted-media; gyroscope; picture-in-picture; web-share\" referrerpolicy=\"strict-origin-when-cross-origin\" allowfullscreen><\/iframe><\/p>\n<\/div><\/figure>\n\n\n\n<figure class=\"wp-block-image\"><a href=\"https:\/\/i0.wp.com\/www.stadtkapelle-landau.de\/sites\/default\/files\/dateiablage\/ucb_riraro_2024_1.jpg?ssl=1\" target=\"_blank\" rel=\"noreferrer noopener\"><img data-recalc-dims=\"1\" decoding=\"async\" src=\"https:\/\/i0.wp.com\/www.stadtkapelle-landau.de\/sites\/default\/files\/dateiablage\/ucb_riraro_2024_1.jpg?w=1200&#038;ssl=1\" alt=\"\"\/><\/a><\/figure>\n\n\n\n<figure class=\"wp-block-image\"><a href=\"https:\/\/i0.wp.com\/www.stadtkapelle-landau.de\/sites\/default\/files\/dateiablage\/ucb_riraro_2024_2.jpg?ssl=1\" target=\"_blank\" rel=\"noreferrer noopener\"><img data-recalc-dims=\"1\" decoding=\"async\" src=\"https:\/\/i0.wp.com\/www.stadtkapelle-landau.de\/sites\/default\/files\/dateiablage\/ucb_riraro_2024_2.jpg?w=1200&#038;ssl=1\" alt=\"\"\/><\/a><\/figure>\n","protected":false},"excerpt":{"rendered":"<p>Benefizkonzert in Wissembourg am 8. M\u00e4rz Adventskonzert am 7.12. um 17:00 Uhr Am Sonntag, den 07. Dezember, um 17 Uhr l\u00e4dt die Stadtkapelle zu ihrem traditionellen Adventskonzertin die katholische Kirche Mari\u00e4-Himmelfahrt in Landau-Queichheim ein.Das sinfonische Blasorchester und das Jugendorchester, die United Concert Band wollen den Zuh\u00f6rerinnen und Zuh\u00f6rern eine Atempause im Advent bieten.Der Eintritt f\u00fcr [&hellip;]<\/p>\n","protected":false},"author":2,"featured_media":0,"parent":0,"menu_order":0,"comment_status":"closed","ping_status":"closed","template":"","meta":{"ocean_post_layout":"","ocean_both_sidebars_style":"","ocean_both_sidebars_content_width":0,"ocean_both_sidebars_sidebars_width":0,"ocean_sidebar":"","ocean_second_sidebar":"","ocean_disable_margins":"enable","ocean_add_body_class":"","ocean_shortcode_before_top_bar":"","ocean_shortcode_after_top_bar":"","ocean_shortcode_before_header":"","ocean_shortcode_after_header":"","ocean_has_shortcode":"","ocean_shortcode_after_title":"","ocean_shortcode_before_footer_widgets":"","ocean_shortcode_after_footer_widgets":"","ocean_shortcode_before_footer_bottom":"","ocean_shortcode_after_footer_bottom":"","ocean_display_top_bar":"default","ocean_display_header":"default","ocean_header_style":"","ocean_center_header_left_menu":"","ocean_custom_header_template":"","ocean_custom_logo":0,"ocean_custom_retina_logo":0,"ocean_custom_logo_max_width":0,"ocean_custom_logo_tablet_max_width":0,"ocean_custom_logo_mobile_max_width":0,"ocean_custom_logo_max_height":0,"ocean_custom_logo_tablet_max_height":0,"ocean_custom_logo_mobile_max_height":0,"ocean_header_custom_menu":"","ocean_menu_typo_font_family":"","ocean_menu_typo_font_subset":"","ocean_menu_typo_font_size":0,"ocean_menu_typo_font_size_tablet":0,"ocean_menu_typo_font_size_mobile":0,"ocean_menu_typo_font_size_unit":"px","ocean_menu_typo_font_weight":"","ocean_menu_typo_font_weight_tablet":"","ocean_menu_typo_font_weight_mobile":"","ocean_menu_typo_transform":"","ocean_menu_typo_transform_tablet":"","ocean_menu_typo_transform_mobile":"","ocean_menu_typo_line_height":0,"ocean_menu_typo_line_height_tablet":0,"ocean_menu_typo_line_height_mobile":0,"ocean_menu_typo_line_height_unit":"","ocean_menu_typo_spacing":0,"ocean_menu_typo_spacing_tablet":0,"ocean_menu_typo_spacing_mobile":0,"ocean_menu_typo_spacing_unit":"","ocean_menu_link_color":"","ocean_menu_link_color_hover":"","ocean_menu_link_color_active":"","ocean_menu_link_background":"","ocean_menu_link_hover_background":"","ocean_menu_link_active_background":"","ocean_menu_social_links_bg":"","ocean_menu_social_hover_links_bg":"","ocean_menu_social_links_color":"","ocean_menu_social_hover_links_color":"","ocean_disable_title":"default","ocean_disable_heading":"default","ocean_post_title":"","ocean_post_subheading":"","ocean_post_title_style":"","ocean_post_title_background_color":"","ocean_post_title_background":0,"ocean_post_title_bg_image_position":"","ocean_post_title_bg_image_attachment":"","ocean_post_title_bg_image_repeat":"","ocean_post_title_bg_image_size":"","ocean_post_title_height":0,"ocean_post_title_bg_overlay":0.5,"ocean_post_title_bg_overlay_color":"","ocean_disable_breadcrumbs":"default","ocean_breadcrumbs_color":"","ocean_breadcrumbs_separator_color":"","ocean_breadcrumbs_links_color":"","ocean_breadcrumbs_links_hover_color":"","ocean_display_footer_widgets":"default","ocean_display_footer_bottom":"default","ocean_custom_footer_template":"","jetpack_post_was_ever_published":false,"footnotes":""},"class_list":["post-127","page","type-page","status-publish","hentry","entry"],"jetpack-related-posts":[{"id":45,"url":"https:\/\/ucb-landau.de\/","url_meta":{"origin":127,"position":0},"title":"Home","author":"ulauber","date":"19. Oktober 2023","format":false,"excerpt":"120 Jahre Zoo Landau am 25.08.2024120 Jahre Zoo Landau am 25.08.2024120 Jahre Zoo Landau am 25.08.2024Fete de la Musik 2024Kindertag Landau 2024 Kindertag Landau 2024 Musikalische Leitung Adventskonzert 2023 erster Auftritt der UCBAdventskonzert 2023 erster Auftritt der UCBAdventskonzert 2023 erster Auftritt der UCBAdventskonzert 2023 erster Auftritt der UCB Die United\u2026","rel":"","context":"\u00c4hnlicher Beitrag","block_context":{"text":"\u00c4hnlicher Beitrag","link":""},"img":{"alt_text":"120 Jahre Zoo Landau am 25.08.2025","src":"https:\/\/i0.wp.com\/ucb-landau.de\/wp-content\/uploads\/2024\/08\/IMG_20240825_122537-scaled.jpg?resize=350%2C200&ssl=1","width":350,"height":200,"srcset":"https:\/\/i0.wp.com\/ucb-landau.de\/wp-content\/uploads\/2024\/08\/IMG_20240825_122537-scaled.jpg?resize=350%2C200&ssl=1 1x, https:\/\/i0.wp.com\/ucb-landau.de\/wp-content\/uploads\/2024\/08\/IMG_20240825_122537-scaled.jpg?resize=525%2C300&ssl=1 1.5x, https:\/\/i0.wp.com\/ucb-landau.de\/wp-content\/uploads\/2024\/08\/IMG_20240825_122537-scaled.jpg?resize=700%2C400&ssl=1 2x, https:\/\/i0.wp.com\/ucb-landau.de\/wp-content\/uploads\/2024\/08\/IMG_20240825_122537-scaled.jpg?resize=1050%2C600&ssl=1 3x, https:\/\/i0.wp.com\/ucb-landau.de\/wp-content\/uploads\/2024\/08\/IMG_20240825_122537-scaled.jpg?resize=1400%2C800&ssl=1 4x"},"classes":[]},{"id":157,"url":"https:\/\/ucb-landau.de\/?page_id=157","url_meta":{"origin":127,"position":1},"title":"Galerie","author":"ulauber","date":"9. Juni 2024","format":false,"excerpt":"L\u00e4tare Umzug 2025 Kindertag Landau Juni 2024 Kindertag Landau 2024 Kindertag Landau 2024 Adventskonzert im Dezember 2023, der erste Auftritt","rel":"","context":"\u00c4hnlicher Beitrag","block_context":{"text":"\u00c4hnlicher Beitrag","link":""},"img":{"alt_text":"","src":"https:\/\/i0.wp.com\/ucb-landau.de\/wp-content\/uploads\/2025\/05\/20250330-Laetarezumzug-UCB-36-scaled.jpg?resize=350%2C200&ssl=1","width":350,"height":200,"srcset":"https:\/\/i0.wp.com\/ucb-landau.de\/wp-content\/uploads\/2025\/05\/20250330-Laetarezumzug-UCB-36-scaled.jpg?resize=350%2C200&ssl=1 1x, https:\/\/i0.wp.com\/ucb-landau.de\/wp-content\/uploads\/2025\/05\/20250330-Laetarezumzug-UCB-36-scaled.jpg?resize=525%2C300&ssl=1 1.5x, https:\/\/i0.wp.com\/ucb-landau.de\/wp-content\/uploads\/2025\/05\/20250330-Laetarezumzug-UCB-36-scaled.jpg?resize=700%2C400&ssl=1 2x, https:\/\/i0.wp.com\/ucb-landau.de\/wp-content\/uploads\/2025\/05\/20250330-Laetarezumzug-UCB-36-scaled.jpg?resize=1050%2C600&ssl=1 3x, https:\/\/i0.wp.com\/ucb-landau.de\/wp-content\/uploads\/2025\/05\/20250330-Laetarezumzug-UCB-36-scaled.jpg?resize=1400%2C800&ssl=1 4x"},"classes":[]},{"id":16,"url":"https:\/\/ucb-landau.de\/?page_id=16","url_meta":{"origin":127,"position":2},"title":"Impressum","author":"ulauber","date":"17. Oktober 2023","format":false,"excerpt":"Angaben gem\u00e4\u00df \u00a7 5 TMG: Stadtkapelle Landau e.V.Helmbachstra\u00dfe 176829 Landau Vertreten durch, und\u00a0Inhaltlich Verantwortlich gem\u00e4\u00df \u00a7 18 Abs. 2 MStV: Frank Woll,\u00a0 76833 B\u00f6chingen , VorsitzenderMarkus Lichti, 76829 Landau,\u00a0 stellvertretender Vorsitzender Kontakt: Telefon: Frank Woll: 06341\/61621E-Mail:\u00a0\u00a0kontakt@stadtkapelle-landau.de Webmaster: Urban Lauber, LandauE-Mail:\u00a0\u00a0webmaster@stadtkapelle-landau.de Registereintrag: Registergericht: Vereinsregister des Amtsgerichts Landau in der PfalzRegisternummer: VR\u2026","rel":"","context":"\u00c4hnlicher Beitrag","block_context":{"text":"\u00c4hnlicher Beitrag","link":""},"img":{"alt_text":"","src":"","width":0,"height":0},"classes":[]},{"id":23,"url":"https:\/\/ucb-landau.de\/?page_id=23","url_meta":{"origin":127,"position":3},"title":"DSGVO","author":"ulauber","date":"17. Oktober 2023","format":false,"excerpt":"Datenschutzerkl\u00e4rung Verantwortliche Stelle im Sinne der Datenschutzgesetze, insbesondere der EU-Datenschutzgrundverordnung (DSGVO), ist: Vorsitzender Frank Woll,\u00a0 \u00a0 Mail:\u00a0kontakt@stadtkapelle-landau.de Webmaster Urban Lauber\u00a0 \u00a0Mail:\u00a0webmaster@stadtkapelle-landau.de Ihre Betroffenenrechte Unter den angegebenen Kontaktdaten unseres Datenschutzbeauftragten k\u00f6nnen Sie jederzeit folgende Rechte aus\u00fcben: Auskunft \u00fcber Ihre bei uns gespeicherten Daten und deren Verarbeitung (Art. 15 DSGVO), Berichtigung unrichtiger\u2026","rel":"","context":"\u00c4hnlicher Beitrag","block_context":{"text":"\u00c4hnlicher Beitrag","link":""},"img":{"alt_text":"","src":"","width":0,"height":0},"classes":[]}],"jetpack_sharing_enabled":true,"_links":{"self":[{"href":"https:\/\/ucb-landau.de\/index.php?rest_route=\/wp\/v2\/pages\/127","targetHints":{"allow":["GET"]}}],"collection":[{"href":"https:\/\/ucb-landau.de\/index.php?rest_route=\/wp\/v2\/pages"}],"about":[{"href":"https:\/\/ucb-landau.de\/index.php?rest_route=\/wp\/v2\/types\/page"}],"author":[{"embeddable":true,"href":"https:\/\/ucb-landau.de\/index.php?rest_route=\/wp\/v2\/users\/2"}],"replies":[{"embeddable":true,"href":"https:\/\/ucb-landau.de\/index.php?rest_route=%2Fwp%2Fv2%2Fcomments&post=127"}],"version-history":[{"count":17,"href":"https:\/\/ucb-landau.de\/index.php?rest_route=\/wp\/v2\/pages\/127\/revisions"}],"predecessor-version":[{"id":450,"href":"https:\/\/ucb-landau.de\/index.php?rest_route=\/wp\/v2\/pages\/127\/revisions\/450"}],"wp:attachment":[{"href":"https:\/\/ucb-landau.de\/index.php?rest_route=%2Fwp%2Fv2%2Fmedia&parent=127"}],"curies":[{"name":"wp","href":"https:\/\/api.w.org\/{rel}","templated":true}]}}